{"id":7,"date":"2020-04-08T02:04:55","date_gmt":"2020-04-08T05:04:55","guid":{"rendered":"https:\/\/fvenergy.com.br\/?page_id=7"},"modified":"2020-10-27T16:39:43","modified_gmt":"2020-10-27T19:39:43","slug":"o-novo-umoma-abre-suas-portas-2","status":"publish","type":"page","link":"https:\/\/fvenergy.com.br\/","title":{"rendered":"Site em constru\u00e7\u00e3o"},"content":{"rendered":"\n<p class=\"has-text-align-center has-text-color\" style=\"color:#1ee625\">Fale conosco: (19) 3207-1379<\/p>\n\n\n\n<p class=\"has-text-align-center has-text-color\" style=\"color:#1ee625\">WhatsApp\/Telegram: (19) 993 221 387<\/p>\n\n\n\n<p class=\"has-text-align-center has-text-color\" style=\"color:#1ee625\">E-mail: contato@fvenergy.com.br<\/p>\n\n\n\n<div class=\"wp-block-group alignwide has-background\" style=\"background-color:#a39100\"><div class=\"wp-block-group__inner-container is-layout-flow wp-block-group-is-layout-flow\">\n<p>FV Energy &#8211; Home<\/p>\n\n\n\n<h2 class=\"has-text-align-center wp-block-heading\"><strong><a href=\"#a35d00\"><span style=\"color:#f4800b\" class=\"has-inline-color\">Economize na conta de luz gerando sua pr\u00f3pria energia el\u00e9trica!<\/span><\/a><\/strong><\/h2>\n\n\n\n<p><\/p>\n<\/div><\/div>\n\n\n\n<div class=\"wp-block-columns alignwide is-layout-flex wp-container-core-columns-is-layout-9d6595d7 wp-block-columns-is-layout-flex\">\n<div class=\"wp-block-column is-layout-flow wp-block-column-is-layout-flow\">\n<div class=\"wp-block-group\"><div class=\"wp-block-group__inner-container is-layout-flow wp-block-group-is-layout-flow\">\n<figure class=\"wp-block-image alignfull size-large\"><img loading=\"lazy\" decoding=\"async\" width=\"626\" height=\"626\" src=\"https:\/\/fvenergy.com.br\/wp-content\/uploads\/2020\/04\/em-constru\u00e7\u00e3o.jpg\" alt=\"\" class=\"wp-image-38\" srcset=\"https:\/\/fvenergy.com.br\/wp-content\/uploads\/2020\/04\/em-constru\u00e7\u00e3o.jpg 626w, https:\/\/fvenergy.com.br\/wp-content\/uploads\/2020\/04\/em-constru\u00e7\u00e3o-300x300.jpg 300w, https:\/\/fvenergy.com.br\/wp-content\/uploads\/2020\/04\/em-constru\u00e7\u00e3o-150x150.jpg 150w\" sizes=\"auto, (max-width: 626px) 100vw, 626px\" \/><\/figure>\n\n\n\n<h3 class=\"wp-block-heading\">Trabalhos e dias<\/h3>\n\n\n\n<p>1\u00ba de agosto &#8211; 1\u00ba de dezembro<\/p>\n\n\n\n<div class=\"wp-block-button is-style-outline is-style-outline--1\"><a class=\"wp-block-button__link\" href=\"https:\/\/make.wordpress.org\/core\/2019\/09\/27\/block-editor-theme-related-updates-in-wordpress-5-3\/\">Leia mais<\/a><\/div>\n<\/div><\/div>\n\n\n\n<div class=\"wp-block-group\"><div class=\"wp-block-group__inner-container is-layout-flow wp-block-group-is-layout-flow\">\n<figure class=\"wp-block-image alignfull size-full\"><img decoding=\"async\" src=\"https:\/\/fvenergy.com.br\/wp-content\/themes\/twentytwenty\/assets\/images\/2020-three-quarters-3.png\" alt=\"\" class=\"wp-image-37\"\/><\/figure>\n\n\n\n<h3 class=\"wp-block-heading\">Teatro de opera\u00e7\u00f5es<\/h3>\n\n\n\n<p>1\u00ba de outubro &#8211; 1\u00ba de dezembro<\/p>\n\n\n\n<div class=\"wp-block-button is-style-outline is-style-outline--2\"><a class=\"wp-block-button__link\" href=\"https:\/\/make.wordpress.org\/core\/2019\/09\/27\/block-editor-theme-related-updates-in-wordpress-5-3\/\">Leia mais<\/a><\/div>\n<\/div><\/div>\n<\/div>\n\n\n\n<div class=\"wp-block-column is-layout-flow wp-block-column-is-layout-flow\">\n<div class=\"wp-block-group\"><div class=\"wp-block-group__inner-container is-layout-flow wp-block-group-is-layout-flow\">\n<figure class=\"wp-block-image alignfull size-large\"><img loading=\"lazy\" decoding=\"async\" width=\"1024\" height=\"511\" src=\"https:\/\/fvenergy.com.br\/wp-content\/uploads\/2020\/04\/FV-Logo-v4-1-1024x511.jpg\" alt=\"\" class=\"wp-image-40\" srcset=\"https:\/\/fvenergy.com.br\/wp-content\/uploads\/2020\/04\/FV-Logo-v4-1-1024x511.jpg 1024w, https:\/\/fvenergy.com.br\/wp-content\/uploads\/2020\/04\/FV-Logo-v4-1-300x150.jpg 300w, https:\/\/fvenergy.com.br\/wp-content\/uploads\/2020\/04\/FV-Logo-v4-1-768x383.jpg 768w, https:\/\/fvenergy.com.br\/wp-content\/uploads\/2020\/04\/FV-Logo-v4-1-1536x767.jpg 1536w, https:\/\/fvenergy.com.br\/wp-content\/uploads\/2020\/04\/FV-Logo-v4-1-1200x599.jpg 1200w, https:\/\/fvenergy.com.br\/wp-content\/uploads\/2020\/04\/FV-Logo-v4-1.jpg 1809w\" sizes=\"auto, (max-width: 1024px) 100vw, 1024px\" \/><\/figure>\n\n\n\n<h3 class=\"wp-block-heading\">A vida que eu mere\u00e7o<\/h3>\n\n\n\n<p>1\u00ba de agosto &#8211; 1\u00ba de dezembro<\/p>\n\n\n\n<div class=\"wp-block-button is-style-outline is-style-outline--3\"><a class=\"wp-block-button__link\" href=\"https:\/\/make.wordpress.org\/core\/2019\/09\/27\/block-editor-theme-related-updates-in-wordpress-5-3\/\">Leia mais<\/a><\/div>\n<\/div><\/div>\n\n\n\n<div class=\"wp-block-group\"><div class=\"wp-block-group__inner-container is-layout-flow wp-block-group-is-layout-flow\">\n<figure class=\"wp-block-image alignfull size-full\"><img decoding=\"async\" src=\"https:\/\/fvenergy.com.br\/wp-content\/themes\/twentytwenty\/assets\/images\/2020-three-quarters-4.png\" alt=\"\" class=\"wp-image-37\"\/><\/figure>\n\n\n\n<h3 class=\"wp-block-heading\">De Signac para Matisse<\/h3>\n\n\n\n<p>1\u00ba de outubro &#8211; 1\u00ba de dezembro<\/p>\n\n\n\n<div class=\"wp-block-button is-style-outline is-style-outline--4\"><a class=\"wp-block-button__link\" href=\"https:\/\/make.wordpress.org\/core\/2019\/09\/27\/block-editor-theme-related-updates-in-wordpress-5-3\/\">Leia mais<\/a><\/div>\n<\/div><\/div>\n<\/div>\n<\/div>\n\n\n\n<figure class=\"wp-block-image alignfull size-full\"><img decoding=\"async\" src=\"https:\/\/fvenergy.com.br\/wp-content\/themes\/twentytwenty\/assets\/images\/2020-landscape-2.png\" alt=\"\" class=\"wp-image-37\"\/><\/figure>\n\n\n\n<div class=\"wp-block-group alignwide\"><div class=\"wp-block-group__inner-container is-layout-flow wp-block-group-is-layout-flow\">\n<h2 class=\"has-text-align-center has-accent-color has-text-color wp-block-heading\">&#8220;Ciborgues, como a fil\u00f3sofa Donna Haraway estabeleceu, n\u00e3o s\u00e3o reverentes. Eles n\u00e3o lembram o cosmos&#8221;.<\/h2>\n<\/div><\/div>\n\n\n\n<p class=\"has-drop-cap\">Com sete andares de arquitetura impressionante, o UMoMA t\u00eam exibi\u00e7\u00f5es de arte contempor\u00e2nea internacional, algumas vezes com retrospectivas de hist\u00f3ria da arte. Quest\u00f5es existenciais, pol\u00edticas e filos\u00f3ficas s\u00e3o intr\u00ednsecas ao nosso programa. Como visitante, voc\u00ea ser\u00e1 convidado para passeios guiados com palestras, exibi\u00e7\u00f5es de filmes e outros eventos livres.<\/p>\n\n\n\n<p>As exibi\u00e7\u00f5es s\u00e3o produzidas pelo UMoMA em colabora\u00e7\u00e3o com artistas e museus por todo o mundo, atraindo com frequ\u00eancia aten\u00e7\u00e3o internacional. O UMoMA recebeu uma comenda especial de Museu europeu do ano e esteve entre os principais candidatos ao Pr\u00eamio de museu sueco do ano, e ao Pr\u00eamio do conselho de museus da Europa.<\/p>\n\n\n\n<p><\/p>\n\n\n\n<div class=\"wp-block-group alignwide has-background\" style=\"background-color:#ffffff\"><div class=\"wp-block-group__inner-container is-layout-flow wp-block-group-is-layout-flow\">\n<div class=\"wp-block-group\"><div class=\"wp-block-group__inner-container is-layout-flow wp-block-group-is-layout-flow\">\n<h2 class=\"has-text-align-center wp-block-heading\">Torne-se um membro e receba ofertas exclusivas!<\/h2>\n\n\n\n<p class=\"has-text-align-center\">Os membros t\u00eam acesso a exibi\u00e7\u00f5es e vendas exclusivas. Nossa assinatura custa $99,99 e \u00e9 cobrada anualmente.<\/p>\n\n\n\n<div class=\"wp-block-button aligncenter\"><a class=\"wp-block-button__link\" href=\"https:\/\/make.wordpress.org\/core\/2019\/09\/27\/block-editor-theme-related-updates-in-wordpress-5-3\/\">Participe<\/a><\/div>\n<\/div><\/div>\n<\/div><\/div>\n\n\n\n<figure class=\"wp-block-gallery alignwide columns-2 is-cropped wp-block-gallery-5 is-layout-flex wp-block-gallery-is-layout-flex\"><ul class=\"blocks-gallery-grid\"><li class=\"blocks-gallery-item\"><figure><img decoding=\"async\" src=\"https:\/\/fvenergy.com.br\/wp-content\/themes\/twentytwenty\/assets\/images\/2020-square-2.png\" alt=\"\" data-id=\"39\" data-full-url=\"https:\/\/fvenergy.com.br\/wp-content\/themes\/twentytwenty\/assets\/images\/2020-square-2.png\" data-link=\"assets\/images\/2020-square-2\/\" class=\"wp-image-39\"\/><\/figure><\/li><li class=\"blocks-gallery-item\"><figure><img decoding=\"async\" src=\"https:\/\/fvenergy.com.br\/wp-content\/themes\/twentytwenty\/assets\/images\/2020-square-1.png\" alt=\"\" data-id=\"38\" data-full-url=\"https:\/\/fvenergy.com.br\/wp-content\/themes\/twentytwenty\/assets\/images\/2020-square-1.png\" data-link=\"https:\/\/fvenergy.com.br\/wp-content\/themes\/twentytwenty\/assets\/images\/2020-square-1\/\" class=\"wp-image-38\"\/><\/figure><\/li><\/ul><\/figure>\n","protected":false},"excerpt":{"rendered":"<p>Fale conosco: (19) 3207-1379 WhatsApp\/Telegram: (19) 993 221 387 E-mail: contato@fvenergy.com.br FV Energy &#8211; Home Economize na conta de luz gerando sua pr\u00f3pria energia el\u00e9trica! Trabalhos e dias 1\u00ba de agosto &#8211; 1\u00ba de dezembro Teatro de opera\u00e7\u00f5es 1\u00ba de outubro &#8211; 1\u00ba de dezembro A vida que eu mere\u00e7o 1\u00ba de agosto &#8211; 1\u00ba [&hellip;]<\/p>\n","protected":false},"author":1,"featured_media":5,"parent":0,"menu_order":0,"comment_status":"closed","ping_status":"closed","template":"","meta":{"footnotes":""},"class_list":["post-7","page","type-page","status-publish","has-post-thumbnail","hentry"],"yoast_head":"<!-- This site is optimized with the Yoast SEO plugin v15.2 - https:\/\/yoast.com\/wordpress\/plugins\/seo\/ -->\n<title>Site em constru\u00e7\u00e3o - FV Energy<\/title>\n<meta name=\"robots\" content=\"index, follow, max-snippet:-1, max-image-preview:large, max-video-preview:-1\" \/>\n<link rel=\"canonical\" href=\"https:\/\/fvenergy.com.br\/\" \/>\n<meta property=\"og:locale\" content=\"pt_BR\" \/>\n<meta property=\"og:type\" content=\"article\" \/>\n<meta property=\"og:title\" content=\"Site em constru\u00e7\u00e3o - FV Energy\" \/>\n<meta property=\"og:description\" content=\"Fale conosco: (19) 3207-1379 WhatsApp\/Telegram: (19) 993 221 387 E-mail: contato@fvenergy.com.br FV Energy &#8211; Home Economize na conta de luz gerando sua pr\u00f3pria energia el\u00e9trica! Trabalhos e dias 1\u00ba de agosto &#8211; 1\u00ba de dezembro Teatro de opera\u00e7\u00f5es 1\u00ba de outubro &#8211; 1\u00ba de dezembro A vida que eu mere\u00e7o 1\u00ba de agosto &#8211; 1\u00ba [&hellip;]\" \/>\n<meta property=\"og:url\" content=\"https:\/\/fvenergy.com.br\/\" \/>\n<meta property=\"og:site_name\" content=\"FV Energy\" \/>\n<meta property=\"article:author\" content=\"https:\/\/www.facebook.com\/fvenergy\" \/>\n<meta property=\"article:modified_time\" content=\"2020-10-27T19:39:43+00:00\" \/>\n<meta property=\"og:image\" content=\"https:\/\/fvenergy.com.br\/wp-content\/uploads\/2020\/04\/2020-landscape-1.png\" \/>\n\t<meta property=\"og:image:width\" content=\"1200\" \/>\n\t<meta property=\"og:image:height\" content=\"769\" \/>\n<meta name=\"twitter:card\" content=\"summary_large_image\" \/>\n<meta name=\"twitter:creator\" content=\"@FV_Energy\" \/>\n<meta name=\"twitter:label1\" value=\"Written by\">\n\t<meta name=\"twitter:data1\" value=\"marcosav\">\n\t<meta name=\"twitter:label2\" value=\"Est. reading time\">\n\t<meta name=\"twitter:data2\" value=\"1 minuto\">\n<script type=\"application\/ld+json\" class=\"yoast-schema-graph\">{\"@context\":\"https:\/\/schema.org\",\"@graph\":[{\"@type\":\"WebSite\",\"@id\":\"https:\/\/fvenergy.com.br\/#website\",\"url\":\"https:\/\/fvenergy.com.br\/\",\"name\":\"FV Energy\",\"description\":\"A Win-win business\",\"potentialAction\":[{\"@type\":\"SearchAction\",\"target\":\"https:\/\/fvenergy.com.br\/?s={search_term_string}\",\"query-input\":\"required name=search_term_string\"}],\"inLanguage\":\"pt-BR\"},{\"@type\":\"ImageObject\",\"@id\":\"https:\/\/fvenergy.com.br\/#primaryimage\",\"inLanguage\":\"pt-BR\",\"url\":\"https:\/\/fvenergy.com.br\/wp-content\/uploads\/2020\/04\/2020-landscape-1.png\",\"width\":1200,\"height\":769},{\"@type\":\"WebPage\",\"@id\":\"https:\/\/fvenergy.com.br\/#webpage\",\"url\":\"https:\/\/fvenergy.com.br\/\",\"name\":\"Site em constru\\u00e7\\u00e3o - FV Energy\",\"isPartOf\":{\"@id\":\"https:\/\/fvenergy.com.br\/#website\"},\"primaryImageOfPage\":{\"@id\":\"https:\/\/fvenergy.com.br\/#primaryimage\"},\"datePublished\":\"2020-04-08T05:04:55+00:00\",\"dateModified\":\"2020-10-27T19:39:43+00:00\",\"inLanguage\":\"pt-BR\",\"potentialAction\":[{\"@type\":\"ReadAction\",\"target\":[\"https:\/\/fvenergy.com.br\/\"]}]}]}<\/script>\n<!-- \/ Yoast SEO plugin. -->","_links":{"self":[{"href":"https:\/\/fvenergy.com.br\/index.php?rest_route=\/wp\/v2\/pages\/7","targetHints":{"allow":["GET"]}}],"collection":[{"href":"https:\/\/fvenergy.com.br\/index.php?rest_route=\/wp\/v2\/pages"}],"about":[{"href":"https:\/\/fvenergy.com.br\/index.php?rest_route=\/wp\/v2\/types\/page"}],"author":[{"embeddable":true,"href":"https:\/\/fvenergy.com.br\/index.php?rest_route=\/wp\/v2\/users\/1"}],"replies":[{"embeddable":true,"href":"https:\/\/fvenergy.com.br\/index.php?rest_route=%2Fwp%2Fv2%2Fcomments&post=7"}],"version-history":[{"count":7,"href":"https:\/\/fvenergy.com.br\/index.php?rest_route=\/wp\/v2\/pages\/7\/revisions"}],"predecessor-version":[{"id":46,"href":"https:\/\/fvenergy.com.br\/index.php?rest_route=\/wp\/v2\/pages\/7\/revisions\/46"}],"wp:featuredmedia":[{"embeddable":true,"href":"https:\/\/fvenergy.com.br\/index.php?rest_route=\/wp\/v2\/media\/5"}],"wp:attachment":[{"href":"https:\/\/fvenergy.com.br\/index.php?rest_route=%2Fwp%2Fv2%2Fmedia&parent=7"}],"curies":[{"name":"wp","href":"https:\/\/api.w.org\/{rel}","templated":true}]}}